{"id":4540,"date":"2017-10-11T16:33:57","date_gmt":"2017-10-11T14:33:57","guid":{"rendered":"https:\/\/avison.se\/?page_id=4540"},"modified":"2023-02-02T10:43:32","modified_gmt":"2023-02-02T09:43:32","slug":"client-cases","status":"publish","type":"page","link":"https:\/\/avison.se\/en\/client-cases\/","title":{"rendered":"Client cases"},"content":{"rendered":"<p>Here you can read about clients that Avison has helped with their international communication strategies. Translation, interpreting, proofreading\/editing\/reviewing, language training, subtitling&#8230;<\/p>\n<p>Some more examples of clients:<\/p>\n<p><a href=\"https:\/\/avison.se\/en\/sensodyne\/\"><span style=\"color: #43aacb;\">Sensodyne: Interpreting. Transcribing. Translation. What a mouthful!<\/span><\/a><\/p>\n<p>We love this project. We\u2019ve been involved several times in recent years. Over a number of days, we help Sensodyne, and our client The Producers, to bring their well-known dentist interview TV commercials to life.<\/p>\n<p><a href=\"https:\/\/avison.se\/en\/coketv\/\">CokeTV: subtitling summer fun in the Nordics<\/a>.<\/p>\n<p><em>&#8220;Avison translation agency is a flexible partner with a high level of service. They provided subtitles for our web tv series for CokeTV on YouTube,&#8221; <\/em>explains\u00a0Fredrik Silbersky, Channel Manager.<\/p>\n<p><a href=\"https:\/\/avison.se\/en\/case-spanish-interpreting-on-the-isle-of-oland\/\">Spanish interpreting on \u00d6land.\u00a0<\/a><\/p>\n<p>\u00d6land was bidding to regain its title as Sweden\u2019s holiday paradise. And\u00a0\u00d6land Bank\u00a0held a conference with international speakers to discuss experiences within tourism, and how they can contribute to profitability throughout the year.Avison was entrusted with providing\u00a0Spanish interpreting\u00a0(Swedish to Spanish and Spanish to Swedish) during the conference<\/p>\n<p><a href=\"https:\/\/avison.se\/en\/kompetens-express-express-translation\/\">Kompetens Express.<\/a>\u00a0E-learning translation<\/p>\n<p>&#8220;<em>Avison were\u2026 flexible and accommodating, and able to deliver good quality in a short space of time\u201d. <\/em>65,000 words translated within a short time frame.\u00a0Kompetens Express have an e-library of online training programs for business, with a focus on communication, leadership and effectivity.\u00a0<a href=\"https:\/\/www.kompetensexpress.se\/\" target=\"_blank\" rel=\"noopener\">Read more here.<\/a><\/p>\n<p><a href=\"https:\/\/avison.se\/en\/hanza\/\">Hanza: translation in manufacturing.\u00a0<\/a>For a while now, Avison has helped Hanza on its international journey of growth, with translations into seven languages.<\/p>\n<p><a href=\"https:\/\/avison.se\/en\/case-proofreading-editing-exciting-books-from-publisher-gawell-forlag\/\">Proofreading &amp; editing exciting books from publisher Gawell F\u00f6rlag<\/a>\u00a0<em>&#8220;with Avison giving the English books a last read-through, we\u2019ve felt 100% safe in the knowledge that we\u2019ve published a quality product, and within the deadline. They\u2019re also incredibly easy, friendly and communicative to work with. We look forward to expanding the collaboration.\u201d<\/em><\/p>\n<p>Charlotte Gawell, founder and CEO.<\/p>\n<p><a href=\"https:\/\/avison.se\/en\/technical-translation-chiller-oy\/\">Technical translation: Chiller OY.\u00a0<\/a>Chiller is Finland\u2019s largest manufacturer of air-conditioning equipment and industrial heat pumps, and one of Europe\u2019s leading producers of cooling systems. So far, we have helped\u00a0Chiller\u00a0to promote its products, which can be seen in all sorts of places, including the\u00a0Mood shopping centre here in Stockholm, with Swedish to English, Swedish to Finnish, Finnish to English and English to Norwegian translation.<\/p>\n<p>&#8211; Page under construction &#8211;<\/p>\n<script type=\"text\/javascript\">\n\/* <![CDATA[ *\/\nvar gform;gform||(document.addEventListener(\"gform_main_scripts_loaded\",function(){gform.scriptsLoaded=!0}),document.addEventListener(\"gform\/theme\/scripts_loaded\",function(){gform.themeScriptsLoaded=!0}),window.addEventListener(\"DOMContentLoaded\",function(){gform.domLoaded=!0}),gform={domLoaded:!1,scriptsLoaded:!1,themeScriptsLoaded:!1,isFormEditor:()=>\"function\"==typeof InitializeEditor,callIfLoaded:function(o){return!(!gform.domLoaded||!gform.scriptsLoaded||!gform.themeScriptsLoaded&&!gform.isFormEditor()||(gform.isFormEditor()&&console.warn(\"The use of gform.initializeOnLoaded() is deprecated in the form editor context and will be removed in Gravity Forms 3.1.\"),o(),0))},initializeOnLoaded:function(o){gform.callIfLoaded(o)||(document.addEventListener(\"gform_main_scripts_loaded\",()=>{gform.scriptsLoaded=!0,gform.callIfLoaded(o)}),document.addEventListener(\"gform\/theme\/scripts_loaded\",()=>{gform.themeScriptsLoaded=!0,gform.callIfLoaded(o)}),window.addEventListener(\"DOMContentLoaded\",()=>{gform.domLoaded=!0,gform.callIfLoaded(o)}))},hooks:{action:{},filter:{}},addAction:function(o,r,e,t){gform.addHook(\"action\",o,r,e,t)},addFilter:function(o,r,e,t){gform.addHook(\"filter\",o,r,e,t)},doAction:function(o){gform.doHook(\"action\",o,arguments)},applyFilters:function(o){return gform.doHook(\"filter\",o,arguments)},removeAction:function(o,r){gform.removeHook(\"action\",o,r)},removeFilter:function(o,r,e){gform.removeHook(\"filter\",o,r,e)},addHook:function(o,r,e,t,n){null==gform.hooks[o][r]&&(gform.hooks[o][r]=[]);var d=gform.hooks[o][r];null==n&&(n=r+\"_\"+d.length),gform.hooks[o][r].push({tag:n,callable:e,priority:t=null==t?10:t})},doHook:function(r,o,e){var t;if(e=Array.prototype.slice.call(e,1),null!=gform.hooks[r][o]&&((o=gform.hooks[r][o]).sort(function(o,r){return o.priority-r.priority}),o.forEach(function(o){\"function\"!=typeof(t=o.callable)&&(t=window[t]),\"action\"==r?t.apply(null,e):e[0]=t.apply(null,e)})),\"filter\"==r)return e[0]},removeHook:function(o,r,t,n){var e;null!=gform.hooks[o][r]&&(e=(e=gform.hooks[o][r]).filter(function(o,r,e){return!!(null!=n&&n!=o.tag||null!=t&&t!=o.priority)}),gform.hooks[o][r]=e)}});\n\/* ]]> *\/\n<\/script>\n\n                <div class='gf_browser_gecko gform_wrapper gform_legacy_markup_wrapper gform-theme--no-framework' data-form-theme='legacy' data-form-index='0' id='gform_wrapper_2' >\n                        <div class='gform_heading'>\n                            <h3 class=\"gform_title\">Contact form<\/h3>\n                            <p class='gform_description'>Vi vill g\u00e4rna h\u00f6ra fr\u00e5n dig! V\u00e4nligen fyll i formul\u00e4ret och vi kommer att komma i kontakt med dig inom kort.<\/p>\n                        <\/div><form method='post' enctype='multipart\/form-data'  id='gform_2'  action='\/en\/wp-json\/wp\/v2\/pages\/4540' data-formid='2' novalidate>\n                        <div class='gform-body gform_body'><ul id='gform_fields_2' class='gform_fields top_label form_sublabel_below description_below validation_below'><li id=\"field_2_1\" class=\"gfield gfield--type-text gfield_contains_required field_sublabel_below gfield--no-description field_description_below field_validation_below gfield_visibility_visible type-text\"  data-field-class=\"type-text\" ><label class='gfield_label gform-field-label' for='input_2_1'>Name<span class=\"gfield_required\"><span class=\"gfield_required gfield_required_asterisk\">*<\/span><\/span><\/label><div class='ginput_container ginput_container_text'><input name='input_1' id='input_2_1' type='text' value='' class='medium'    placeholder='Namn' aria-required=\"true\" aria-invalid=\"false\"   \/><span class=\"secondary-label\">Name<\/span><i class=\"fa fa-asterisk required-label\"><\/i><\/div><\/li><li id=\"field_2_2\" class=\"gfield gfield--type-email gfield_contains_required field_sublabel_below gfield--no-description field_description_below field_validation_below gfield_visibility_visible type-email\"  data-field-class=\"type-email\" ><label class='gfield_label gform-field-label' for='input_2_2'>E-mail<span class=\"gfield_required\"><span class=\"gfield_required gfield_required_asterisk\">*<\/span><\/span><\/label><div class='ginput_container ginput_container_email'>\n                            <input name='input_2' id='input_2_2' type='email' value='' class='medium'   placeholder='E-post' aria-required=\"true\" aria-invalid=\"false\"  \/>\n                        <span class=\"secondary-label\">E-mail<\/span><i class=\"fa fa-asterisk required-label\"><\/i><\/div><\/li><li id=\"field_2_3\" class=\"gfield gfield--type-text field_sublabel_below gfield--no-description field_description_below field_validation_below gfield_visibility_visible type-text\"  data-field-class=\"type-text\" ><label class='gfield_label gform-field-label' for='input_2_3'>Telephone<\/label><div class='ginput_container ginput_container_text'><input name='input_3' id='input_2_3' type='text' value='' class='medium'    placeholder='Telefon'  aria-invalid=\"false\"   \/><span class=\"secondary-label\">Telephone<\/span><i class=\"fa fa-asterisk required-label\"><\/i><\/div><\/li><li id=\"field_2_4\" class=\"gfield gfield--type-textarea message-box gfield_contains_required field_sublabel_below gfield--no-description field_description_below field_validation_below gfield_visibility_visible type-textarea\"  data-field-class=\"type-textarea\" ><label class='gfield_label gform-field-label' for='input_2_4'>Message<span class=\"gfield_required\"><span class=\"gfield_required gfield_required_asterisk\">*<\/span><\/span><\/label><div class='ginput_container ginput_container_textarea'><textarea name='input_4' id='input_2_4' class='textarea medium'    placeholder='Meddelande' aria-required=\"true\" aria-invalid=\"false\"   rows='10' cols='50'><\/textarea><span class=\"secondary-label\">Message<\/span><i class=\"fa fa-asterisk required-label\"><\/i><\/div><\/li><li id=\"field_2_8\" class=\"gfield gfield--type-fileupload field_sublabel_below gfield--no-description field_description_below field_validation_below gfield_visibility_visible type-fileupload\"  data-field-class=\"type-fileupload\" ><label class='gfield_label gform-field-label' for='gform_browse_button_2_8'>Bifoga filer<\/label><div class='ginput_container ginput_container_fileupload'><div id='gform_multifile_upload_2_8' data-settings='{&quot;runtimes&quot;:&quot;html5,flash,html4&quot;,&quot;browse_button&quot;:&quot;gform_browse_button_2_8&quot;,&quot;container&quot;:&quot;gform_multifile_upload_2_8&quot;,&quot;drop_element&quot;:&quot;gform_drag_drop_area_2_8&quot;,&quot;filelist&quot;:&quot;gform_preview_2_8&quot;,&quot;unique_names&quot;:true,&quot;file_data_name&quot;:&quot;file&quot;,&quot;url&quot;:&quot;https:\\\/\\\/avison.se\\\/en\\\/?gf_page=642139e015d2f00&quot;,&quot;flash_swf_url&quot;:&quot;https:\\\/\\\/avison.se\\\/wp-includes\\\/js\\\/plupload\\\/plupload.flash.swf&quot;,&quot;silverlight_xap_url&quot;:&quot;https:\\\/\\\/avison.se\\\/wp-includes\\\/js\\\/plupload\\\/plupload.silverlight.xap&quot;,&quot;filters&quot;:{&quot;mime_types&quot;:[{&quot;title&quot;:&quot;Allowed Files&quot;,&quot;extensions&quot;:&quot;*&quot;}],&quot;max_file_size&quot;:&quot;52428800b&quot;},&quot;multipart&quot;:true,&quot;urlstream_upload&quot;:false,&quot;multipart_params&quot;:{&quot;form_id&quot;:2,&quot;field_id&quot;:8,&quot;_gform_file_upload_nonce_2_8&quot;:&quot;778e34f19b&quot;},&quot;gf_vars&quot;:{&quot;max_files&quot;:&quot;3&quot;,&quot;message_id&quot;:&quot;gform_multifile_messages_2_8&quot;,&quot;disallowed_extensions&quot;:[&quot;php&quot;,&quot;asp&quot;,&quot;aspx&quot;,&quot;cmd&quot;,&quot;csh&quot;,&quot;bat&quot;,&quot;html&quot;,&quot;htm&quot;,&quot;hta&quot;,&quot;jar&quot;,&quot;exe&quot;,&quot;com&quot;,&quot;js&quot;,&quot;lnk&quot;,&quot;htaccess&quot;,&quot;phar&quot;,&quot;phtml&quot;,&quot;ps1&quot;,&quot;ps2&quot;,&quot;php3&quot;,&quot;php4&quot;,&quot;php5&quot;,&quot;php6&quot;,&quot;py&quot;,&quot;rb&quot;,&quot;tmp&quot;]}}' class='gform_fileupload_multifile'>\n\t\t\t\t\t\t\t\t\t\t<div id='gform_drag_drop_area_2_8' class='gform_drop_area gform-theme-field-control'>\n\t\t\t\t\t\t\t\t\t\t\t<span class='gform_drop_instructions'>Drop files here or <\/span>\n\t\t\t\t\t\t\t\t\t\t\t<button type='button' id='gform_browse_button_2_8' class='button gform_button_select_files gform-theme-button gform-theme-button--control' aria-describedby=\"gfield_upload_rules_2_8\"  >Select files<\/button>\n\t\t\t\t\t\t\t\t\t\t<\/div>\n\t\t\t\t\t\t\t\t\t<\/div><span class='gfield_description gform_fileupload_rules' id='gfield_upload_rules_2_8'>Max. file size: 50 MB, Max. files: 3.<\/span><ul class='validation_message--hidden-on-empty gform-ul-reset' id='gform_multifile_messages_2_8'><\/ul> <div id='gform_preview_2_8' class='ginput_preview_list'><\/div><span class=\"secondary-label\">Bifoga filer<\/span><i class=\"fa fa-asterisk required-label\"><\/i><\/div><\/li><li id=\"field_2_5\" class=\"gfield gfield--type-captcha form-captcha field_sublabel_below gfield--no-description field_description_below field_validation_below gfield_visibility_visible type-captcha\"  data-field-class=\"type-captcha\" ><label class='gfield_label gform-field-label' for='input_2_5'>CAPTCHA<\/label><div id='input_2_5' class='ginput_container ginput_recaptcha' data-sitekey='6LdQiDUUAAAAAFwIIwh4qOM_zbPqNk4iggOtuJHg'  data-theme='light' data-tabindex='0'  data-badge=''><\/div><\/li><\/ul><\/div>\n        <div class='gform-footer gform_footer top_label'> <input type='submit' id='gform_submit_button_2' class='gform_button button' onclick='gform.submission.handleButtonClick(this);' data-submission-type='submit' value='Send'  \/> \n            <input type='hidden' class='gform_hidden' name='gform_submission_method' data-js='gform_submission_method_2' value='postback' \/>\n            <input type='hidden' class='gform_hidden' name='gform_theme' data-js='gform_theme_2' id='gform_theme_2' value='legacy' \/>\n            <input type='hidden' class='gform_hidden' name='gform_style_settings' data-js='gform_style_settings_2' id='gform_style_settings_2' value='[]' \/>\n            <input type='hidden' class='gform_hidden' name='is_submit_2' value='1' \/>\n            <input type='hidden' class='gform_hidden' name='gform_submit' value='2' \/>\n            \n            <input type='hidden' class='gform_hidden' name='gform_unique_id' value='' \/>\n            <input type='hidden' class='gform_hidden' name='state_2' value='WyJbXSIsImIwYmE4MDJlM2YxMWNhNGE2Y2RkZTljYTY0NDFhZjA3Il0=' \/>\n            <input type='hidden' autocomplete='off' class='gform_hidden' name='gform_target_page_number_2' id='gform_target_page_number_2' value='0' \/>\n            <input type='hidden' autocomplete='off' class='gform_hidden' name='gform_source_page_number_2' id='gform_source_page_number_2' value='1' \/>\n            <input type='hidden' name='gform_field_values' value='' \/>\n            <input type='hidden' name='gform_uploaded_files' id='gform_uploaded_files_2' value='' \/>\n        <\/div>\n                        <\/form>\n                        <\/div><script type=\"text\/javascript\">\n\/* <![CDATA[ *\/\n gform.initializeOnLoaded( function() {gformInitSpinner( 2, '\" style=\"display: none\"> <i id=\"gform_ajax_spinner_icon_2\" class=\"gform_ajax_spinner_icon fa fa-spin fa-spinner\"><\/i> <img decoding=\"async\" style=\"display: none\" src=\"', true );jQuery('#gform_ajax_frame_2').on('load',function(){var contents = jQuery(this).contents().find('*').html();var is_postback = contents.indexOf('GF_AJAX_POSTBACK') >= 0;if(!is_postback){return;}var form_content = jQuery(this).contents().find('#gform_wrapper_2');var is_confirmation = jQuery(this).contents().find('#gform_confirmation_wrapper_2').length > 0;var is_redirect = contents.indexOf('gformRedirect(){') >= 0;var is_form = form_content.length > 0 && ! is_redirect && ! is_confirmation;var mt = parseInt(jQuery('html').css('margin-top'), 10) + parseInt(jQuery('body').css('margin-top'), 10) + 100;if(is_form){jQuery('#gform_wrapper_2').html(form_content.html());if(form_content.hasClass('gform_validation_error')){jQuery('#gform_wrapper_2').addClass('gform_validation_error');} else {jQuery('#gform_wrapper_2').removeClass('gform_validation_error');}setTimeout( function() { \/* delay the scroll by 50 milliseconds to fix a bug in chrome *\/  }, 50 );if(window['gformInitDatepicker']) {gformInitDatepicker();}if(window['gformInitPriceFields']) {gformInitPriceFields();}var current_page = jQuery('#gform_source_page_number_2').val();gformInitSpinner( 2, '\" style=\"display: none\"> <i id=\"gform_ajax_spinner_icon_2\" class=\"gform_ajax_spinner_icon fa fa-spin fa-spinner\"><\/i> <img decoding=\"async\" style=\"display: none\" src=\"', true );jQuery(document).trigger('gform_page_loaded', [2, current_page]);window['gf_submitting_2'] = false;}else if(!is_redirect){var confirmation_content = jQuery(this).contents().find('.GF_AJAX_POSTBACK').html();if(!confirmation_content){confirmation_content = contents;}jQuery('#gform_wrapper_2').replaceWith(confirmation_content);jQuery(document).trigger('gform_confirmation_loaded', [2]);window['gf_submitting_2'] = false;wp.a11y.speak(jQuery('#gform_confirmation_message_2').text());}else{jQuery('#gform_2').append(contents);if(window['gformRedirect']) {gformRedirect();}}jQuery(document).trigger(\"gform_pre_post_render\", [{ formId: \"2\", currentPage: \"current_page\", abort: function() { this.preventDefault(); } }]);        if (event && event.defaultPrevented) {                return;        }        const gformWrapperDiv = document.getElementById( \"gform_wrapper_2\" );        if ( gformWrapperDiv ) {            const visibilitySpan = document.createElement( \"span\" );            visibilitySpan.id = \"gform_visibility_test_2\";            gformWrapperDiv.insertAdjacentElement( \"afterend\", visibilitySpan );        }        const visibilityTestDiv = document.getElementById( \"gform_visibility_test_2\" );        let postRenderFired = false;        function triggerPostRender() {            if ( postRenderFired ) {                return;            }            postRenderFired = true;            gform.core.triggerPostRenderEvents( 2, current_page );            if ( visibilityTestDiv ) {                visibilityTestDiv.parentNode.removeChild( visibilityTestDiv );            }        }        function debounce( func, wait, immediate ) {            var timeout;            return function() {                var context = this, args = arguments;                var later = function() {                    timeout = null;                    if ( !immediate ) func.apply( context, args );                };                var callNow = immediate && !timeout;                clearTimeout( timeout );                timeout = setTimeout( later, wait );                if ( callNow ) func.apply( context, args );            };        }        const debouncedTriggerPostRender = debounce( function() {            triggerPostRender();        }, 200 );        if ( visibilityTestDiv && visibilityTestDiv.offsetParent === null ) {            const observer = new MutationObserver( ( mutations ) => {                mutations.forEach( ( mutation ) => {                    if ( mutation.type === 'attributes' && visibilityTestDiv.offsetParent !== null ) {                        debouncedTriggerPostRender();                        observer.disconnect();                    }                });            });            observer.observe( document.body, {                attributes: true,                childList: false,                subtree: true,                attributeFilter: [ 'style', 'class' ],            });        } else {            triggerPostRender();        }    } );} ); \n\/* ]]> *\/\n<\/script>\n\n<p>&nbsp;<\/p>\n","protected":false},"excerpt":{"rendered":"<p>Here you can read about clients that Avison has helped with their international communication strategies. Translation, interpreting, proofreading\/editing\/reviewing, language training, subtitling&#8230; Some more examples of clients: Sensodyne: Interpreting. Transcribing. Translation. What a mouthful! We love this project. We\u2019ve been involved&#8230;<\/p>\n","protected":false},"author":12,"featured_media":0,"parent":0,"menu_order":0,"comment_status":"closed","ping_status":"closed","template":"","meta":{"_acf_changed":false,"footnotes":""},"class_list":["post-4540","page","type-page","status-publish","hentry"],"acf":[],"_links":{"self":[{"href":"https:\/\/avison.se\/en\/wp-json\/wp\/v2\/pages\/4540","targetHints":{"allow":["GET"]}}],"collection":[{"href":"https:\/\/avison.se\/en\/wp-json\/wp\/v2\/pages"}],"about":[{"href":"https:\/\/avison.se\/en\/wp-json\/wp\/v2\/types\/page"}],"author":[{"embeddable":true,"href":"https:\/\/avison.se\/en\/wp-json\/wp\/v2\/users\/12"}],"replies":[{"embeddable":true,"href":"https:\/\/avison.se\/en\/wp-json\/wp\/v2\/comments?post=4540"}],"version-history":[{"count":0,"href":"https:\/\/avison.se\/en\/wp-json\/wp\/v2\/pages\/4540\/revisions"}],"wp:attachment":[{"href":"https:\/\/avison.se\/en\/wp-json\/wp\/v2\/media?parent=4540"}],"curies":[{"name":"wp","href":"https:\/\/api.w.org\/{rel}","templated":true}]}}