{"id":4783,"date":"2015-01-20T00:00:00","date_gmt":"2015-01-19T23:00:00","guid":{"rendered":"https:\/\/avison.se\/affarsengelska\/"},"modified":"2017-10-24T17:31:02","modified_gmt":"2017-10-24T15:31:02","slug":"affarsengelska","status":"publish","type":"page","link":"https:\/\/avison.se\/en\/services\/affarsengelska\/","title":{"rendered":"Aff\u00e4rsengelska"},"content":{"rendered":"<p style=\"text-align: center;\"><span style=\"color: #000000;\"><strong><span style=\"color: #99cc00;\">Alldeles f\u00f6r mycket svengelska?<\/span> <\/strong>F\u00f6rb\u00e4ttra din engelska; learn to speak like a true business professional.\u00a0<\/span><span style=\"color: #000000;\">Use the form below to express your interest&#8230;<\/span><\/p>\n<p style=\"text-align: center;\"><script type=\"text\/javascript\">\n\/* <![CDATA[ *\/\nvar gform;gform||(document.addEventListener(\"gform_main_scripts_loaded\",function(){gform.scriptsLoaded=!0}),document.addEventListener(\"gform\/theme\/scripts_loaded\",function(){gform.themeScriptsLoaded=!0}),window.addEventListener(\"DOMContentLoaded\",function(){gform.domLoaded=!0}),gform={domLoaded:!1,scriptsLoaded:!1,themeScriptsLoaded:!1,isFormEditor:()=>\"function\"==typeof InitializeEditor,callIfLoaded:function(o){return!(!gform.domLoaded||!gform.scriptsLoaded||!gform.themeScriptsLoaded&&!gform.isFormEditor()||(gform.isFormEditor()&&console.warn(\"The use of gform.initializeOnLoaded() is deprecated in the form editor context and will be removed in Gravity Forms 3.1.\"),o(),0))},initializeOnLoaded:function(o){gform.callIfLoaded(o)||(document.addEventListener(\"gform_main_scripts_loaded\",()=>{gform.scriptsLoaded=!0,gform.callIfLoaded(o)}),document.addEventListener(\"gform\/theme\/scripts_loaded\",()=>{gform.themeScriptsLoaded=!0,gform.callIfLoaded(o)}),window.addEventListener(\"DOMContentLoaded\",()=>{gform.domLoaded=!0,gform.callIfLoaded(o)}))},hooks:{action:{},filter:{}},addAction:function(o,r,e,t){gform.addHook(\"action\",o,r,e,t)},addFilter:function(o,r,e,t){gform.addHook(\"filter\",o,r,e,t)},doAction:function(o){gform.doHook(\"action\",o,arguments)},applyFilters:function(o){return gform.doHook(\"filter\",o,arguments)},removeAction:function(o,r){gform.removeHook(\"action\",o,r)},removeFilter:function(o,r,e){gform.removeHook(\"filter\",o,r,e)},addHook:function(o,r,e,t,n){null==gform.hooks[o][r]&&(gform.hooks[o][r]=[]);var d=gform.hooks[o][r];null==n&&(n=r+\"_\"+d.length),gform.hooks[o][r].push({tag:n,callable:e,priority:t=null==t?10:t})},doHook:function(r,o,e){var t;if(e=Array.prototype.slice.call(e,1),null!=gform.hooks[r][o]&&((o=gform.hooks[r][o]).sort(function(o,r){return o.priority-r.priority}),o.forEach(function(o){\"function\"!=typeof(t=o.callable)&&(t=window[t]),\"action\"==r?t.apply(null,e):e[0]=t.apply(null,e)})),\"filter\"==r)return e[0]},removeHook:function(o,r,t,n){var e;null!=gform.hooks[o][r]&&(e=(e=gform.hooks[o][r]).filter(function(o,r,e){return!!(null!=n&&n!=o.tag||null!=t&&t!=o.priority)}),gform.hooks[o][r]=e)}});\n\/* ]]> *\/\n<\/script>\n\n                <div class='gf_browser_gecko gform_wrapper gform_legacy_markup_wrapper gform-theme--no-framework' data-form-theme='legacy' data-form-index='0' id='gform_wrapper_5' >\n                        <div class='gform_heading'>\n                            <h3 class=\"gform_title\">Need to improve your English? Let us call you...<\/h3>\n                            <p class='gform_description'><\/p>\n                        <\/div><form method='post' enctype='multipart\/form-data'  id='gform_5'  action='\/en\/wp-json\/wp\/v2\/pages\/4783' data-formid='5' novalidate>\n                        <div class='gform-body gform_body'><ul id='gform_fields_5' class='gform_fields top_label form_sublabel_below description_below validation_below'><li id=\"field_5_1\" class=\"gfield gfield--type-name field_sublabel_below gfield--no-description field_description_below field_validation_below gfield_visibility_visible type-name\"  data-field-class=\"type-name\" ><label class='gfield_label gform-field-label' >Namn<\/label><div class='ginput_container ginput_container_name'>\n                                    <input name='input_1' id='input_5_1' type='text' value='' class='medium'    aria-invalid=\"false\"  placeholder='Namn' \/>\n                                <span class=\"secondary-label\">Namn<\/span><i class=\"fa fa-asterisk required-label\"><\/i><\/div><\/li><li id=\"field_5_2\" class=\"gfield gfield--type-email field_sublabel_below gfield--no-description field_description_below field_validation_below gfield_visibility_visible type-email\"  data-field-class=\"type-email\" ><label class='gfield_label gform-field-label' for='input_5_2'>E-post<\/label><div class='ginput_container ginput_container_email'>\n                            <input name='input_2' id='input_5_2' type='email' value='' class='medium'   placeholder='E-post'  aria-invalid=\"false\"  \/>\n                        <span class=\"secondary-label\">E-post<\/span><i class=\"fa fa-asterisk required-label\"><\/i><\/div><\/li><li id=\"field_5_3\" class=\"gfield gfield--type-phone field_sublabel_below gfield--no-description field_description_below field_validation_below gfield_visibility_visible type-phone\"  data-field-class=\"type-phone\" ><label class='gfield_label gform-field-label' for='input_5_3'>Telefon<\/label><div class='ginput_container ginput_container_phone'><input name='input_3' id='input_5_3' type='tel' value='' class='medium'  placeholder='Telefon'  aria-invalid=\"false\"   \/><span class=\"secondary-label\">Telefon<\/span><i class=\"fa fa-asterisk required-label\"><\/i><\/div><\/li><\/ul><\/div>\n        <div class='gform-footer gform_footer top_label'> <input type='submit' id='gform_submit_button_5' class='gform_button button' onclick='gform.submission.handleButtonClick(this);' data-submission-type='submit' value='Send'  \/> \n            <input type='hidden' class='gform_hidden' name='gform_submission_method' data-js='gform_submission_method_5' value='postback' \/>\n            <input type='hidden' class='gform_hidden' name='gform_theme' data-js='gform_theme_5' id='gform_theme_5' value='legacy' \/>\n            <input type='hidden' class='gform_hidden' name='gform_style_settings' data-js='gform_style_settings_5' id='gform_style_settings_5' value='[]' \/>\n            <input type='hidden' class='gform_hidden' name='is_submit_5' value='1' \/>\n            <input type='hidden' class='gform_hidden' name='gform_submit' value='5' \/>\n            \n            <input type='hidden' class='gform_hidden' name='gform_unique_id' value='' \/>\n            <input type='hidden' class='gform_hidden' name='state_5' value='WyJbXSIsImIwYmE4MDJlM2YxMWNhNGE2Y2RkZTljYTY0NDFhZjA3Il0=' \/>\n            <input type='hidden' autocomplete='off' class='gform_hidden' name='gform_target_page_number_5' id='gform_target_page_number_5' value='0' \/>\n            <input type='hidden' autocomplete='off' class='gform_hidden' name='gform_source_page_number_5' id='gform_source_page_number_5' value='1' \/>\n            <input type='hidden' name='gform_field_values' value='' \/>\n            \n        <\/div>\n                        <\/form>\n                        <\/div><script type=\"text\/javascript\">\n\/* <![CDATA[ *\/\n gform.initializeOnLoaded( function() {gformInitSpinner( 5, '\" style=\"display: none\"> <i id=\"gform_ajax_spinner_icon_5\" class=\"gform_ajax_spinner_icon fa fa-spin fa-spinner\"><\/i> <img decoding=\"async\" style=\"display: none\" src=\"', true );jQuery('#gform_ajax_frame_5').on('load',function(){var contents = jQuery(this).contents().find('*').html();var is_postback = contents.indexOf('GF_AJAX_POSTBACK') >= 0;if(!is_postback){return;}var form_content = jQuery(this).contents().find('#gform_wrapper_5');var is_confirmation = jQuery(this).contents().find('#gform_confirmation_wrapper_5').length > 0;var is_redirect = contents.indexOf('gformRedirect(){') >= 0;var is_form = form_content.length > 0 && ! is_redirect && ! is_confirmation;var mt = parseInt(jQuery('html').css('margin-top'), 10) + parseInt(jQuery('body').css('margin-top'), 10) + 100;if(is_form){jQuery('#gform_wrapper_5').html(form_content.html());if(form_content.hasClass('gform_validation_error')){jQuery('#gform_wrapper_5').addClass('gform_validation_error');} else {jQuery('#gform_wrapper_5').removeClass('gform_validation_error');}setTimeout( function() { \/* delay the scroll by 50 milliseconds to fix a bug in chrome *\/  }, 50 );if(window['gformInitDatepicker']) {gformInitDatepicker();}if(window['gformInitPriceFields']) {gformInitPriceFields();}var current_page = jQuery('#gform_source_page_number_5').val();gformInitSpinner( 5, '\" style=\"display: none\"> <i id=\"gform_ajax_spinner_icon_5\" class=\"gform_ajax_spinner_icon fa fa-spin fa-spinner\"><\/i> <img decoding=\"async\" style=\"display: none\" src=\"', true );jQuery(document).trigger('gform_page_loaded', [5, current_page]);window['gf_submitting_5'] = false;}else if(!is_redirect){var confirmation_content = jQuery(this).contents().find('.GF_AJAX_POSTBACK').html();if(!confirmation_content){confirmation_content = contents;}jQuery('#gform_wrapper_5').replaceWith(confirmation_content);jQuery(document).trigger('gform_confirmation_loaded', [5]);window['gf_submitting_5'] = false;wp.a11y.speak(jQuery('#gform_confirmation_message_5').text());}else{jQuery('#gform_5').append(contents);if(window['gformRedirect']) {gformRedirect();}}jQuery(document).trigger(\"gform_pre_post_render\", [{ formId: \"5\", currentPage: \"current_page\", abort: function() { this.preventDefault(); } }]);        if (event && event.defaultPrevented) {                return;        }        const gformWrapperDiv = document.getElementById( \"gform_wrapper_5\" );        if ( gformWrapperDiv ) {            const visibilitySpan = document.createElement( \"span\" );            visibilitySpan.id = \"gform_visibility_test_5\";            gformWrapperDiv.insertAdjacentElement( \"afterend\", visibilitySpan );        }        const visibilityTestDiv = document.getElementById( \"gform_visibility_test_5\" );        let postRenderFired = false;        function triggerPostRender() {            if ( postRenderFired ) {                return;            }            postRenderFired = true;            gform.core.triggerPostRenderEvents( 5, current_page );            if ( visibilityTestDiv ) {                visibilityTestDiv.parentNode.removeChild( visibilityTestDiv );            }        }        function debounce( func, wait, immediate ) {            var timeout;            return function() {                var context = this, args = arguments;                var later = function() {                    timeout = null;                    if ( !immediate ) func.apply( context, args );                };                var callNow = immediate && !timeout;                clearTimeout( timeout );                timeout = setTimeout( later, wait );                if ( callNow ) func.apply( context, args );            };        }        const debouncedTriggerPostRender = debounce( function() {            triggerPostRender();        }, 200 );        if ( visibilityTestDiv && visibilityTestDiv.offsetParent === null ) {            const observer = new MutationObserver( ( mutations ) => {                mutations.forEach( ( mutation ) => {                    if ( mutation.type === 'attributes' && visibilityTestDiv.offsetParent !== null ) {                        debouncedTriggerPostRender();                        observer.disconnect();                    }                });            });            observer.observe( document.body, {                attributes: true,                childList: false,                subtree: true,                attributeFilter: [ 'style', 'class' ],            });        } else {            triggerPostRender();        }    } );} ); \n\/* ]]> *\/\n<\/script>\n<\/p>\n<h5 style=\"text-align: center;\"><span style=\"color: #99cc00;\"><strong>+46 (0)8 20 37 20<\/strong><\/span><\/h5>\n<p>&nbsp;<\/p>\n<p><strong>Prata med oss om din aff\u00e4rsengelska. Skr\u00e4ddarsydda kurser. Utbildade spr\u00e5kl\u00e4rare.<\/strong><\/p>\n<p>&nbsp;<\/p>\n<p>Avison Communication \u00e4r en spr\u00e5k- och kommunikationsbyr\u00e5 med fokus p\u00e5 spr\u00e5kkurser, \u00f6vers\u00e4ttning och andra spr\u00e5krelaterade tj\u00e4nster. Ut\u00f6ver aff\u00e4rsengelska,\u00a0erbjuder vi\u00a0<strong>spr\u00e5kkurser<\/strong>\u00a0och kulturkurser f\u00f6r yrkesm\u00e4n i alla de st\u00f6rsta aff\u00e4rsspr\u00e5ken. Vi arbetar ocks\u00e5 med \u00f6vers\u00e4ttning, lokalisering, transcreation,\u00a0<strong>korrekturl\u00e4sning\u00a0<\/strong>och redigering av allt fr\u00e5n appar till kontrakt, p\u00e5 \u00f6ver 40 spr\u00e5k. <a title=\"Kontakt om aff\u00e4rsengelska\" href=\"https:\/\/www.avison.se\/kontakt\/\">Kontakta oss om ditt f\u00f6retag beh\u00f6ver en lokal n\u00e4rvaro p\u00e5 en global marknad.<\/a><\/p>\n<p>I dagens f\u00f6retagsklimat \u00e4r det viktigt med effektiv kommunikation. Spr\u00e5k utg\u00f6r en v\u00e4sentlig del av denna kommunikation. Varf\u00f6r ska du d\u00e5 v\u00e4lja en spr\u00e5kkurs fr\u00e5n Avison? H\u00e4r kommer lite information om v\u00e5ra kurser:<\/p>\n<p>&nbsp;<\/p>\n<p>\u2022\u00a0<strong>Skr\u00e4ddarsydda<\/strong>: Dynamiska situationsbaserade kursprogram som \u00e4r anpassade till studentens behov. Vi erbjuder kurser inom ett v\u00e4xande antal spr\u00e5k. Vi anpassar kursprogrammen till v\u00e5ra kunders \u00e4ndam\u00e5l. Allt fr\u00e5n grammatikhj\u00e4lp till presentationsplanering.<\/p>\n<p>\u2022\u00a0<strong>Intensivkurser<\/strong>\/kurser i normal takt p\u00e5 kundens arbetsplats eller bes\u00f6k i landet d\u00e4r m\u00e5lspr\u00e5ket talas. Lektionerna kan vara baserade\u00a0p\u00e5 konversation eller mer inriktade p\u00e5 grammatik. V\u00e5rt kommunikativa angreppss\u00e4tt g\u00e5r ut p\u00e5 att eleverna ska f\u00e5 tala s\u00e5 mycket som\u00a0m\u00f6jligt.<\/p>\n<p>\u2022\u00a0<strong>L\u00e4mpliga material<\/strong>: Materialen grundas p\u00e5 studenternas specifika\u00a0behov och om m\u00f6jligt anv\u00e4nds riktiga material fr\u00e5n deras\u00a0arbetsmilj\u00f6.<\/p>\n<p>\u2022\u00a0<strong>Ett flertal spr\u00e5k<\/strong>.<\/p>\n<p>\u2022\u00a0<strong>Flexibla scheman<\/strong>: L\u00e4rarna kommer till elevernas arbetsplats och\u00a0parterna kommer tillsammans \u00f6verens om n\u00e4r lektionerna ska h\u00e5llas.<\/p>\n<p>\u2022\u00a0<strong>Studier utomlands<\/strong>.<\/p>\n<p>&nbsp;<\/p>\n<p><strong>V\u00e5ra l\u00e4rare:<\/strong><\/p>\n<p>\u2022 \u00e4r\u00a0<strong>spr\u00e5kexperter<\/strong>\u00a0med erfarenhet fr\u00e5n en m\u00e4ngd olika sektorer<\/p>\n<p>\u2022 undervisar endast i sitt\u00a0<strong>eget modersm\u00e5l<\/strong>.<\/p>\n<p>\u2022 underl\u00e4ttar inl\u00e4rningen genom ett\u00a0<strong>kommunikativt angreppss\u00e4tt<\/strong>\u00a0som\u00a0g\u00e5r ut p\u00e5 att eleverna ska f\u00e5 tala s\u00e5 mycket som m\u00f6jligt.<\/p>\n","protected":false},"excerpt":{"rendered":"<p>Alldeles f\u00f6r mycket svengelska? F\u00f6rb\u00e4ttra din engelska; learn to speak like a true business professional.\u00a0Use the form below to express your interest&#8230; +46 (0)8 20 37 20 &nbsp; Prata med oss om din aff\u00e4rsengelska. Skr\u00e4ddarsydda kurser. Utbildade spr\u00e5kl\u00e4rare. &nbsp; Avison&#8230;<\/p>\n","protected":false},"author":6,"featured_media":0,"parent":3984,"menu_order":0,"comment_status":"closed","ping_status":"closed","template":"","meta":{"_acf_changed":false,"footnotes":""},"class_list":["post-4783","page","type-page","status-publish","hentry"],"acf":[],"_links":{"self":[{"href":"https:\/\/avison.se\/en\/wp-json\/wp\/v2\/pages\/4783","targetHints":{"allow":["GET"]}}],"collection":[{"href":"https:\/\/avison.se\/en\/wp-json\/wp\/v2\/pages"}],"about":[{"href":"https:\/\/avison.se\/en\/wp-json\/wp\/v2\/types\/page"}],"author":[{"embeddable":true,"href":"https:\/\/avison.se\/en\/wp-json\/wp\/v2\/users\/6"}],"replies":[{"embeddable":true,"href":"https:\/\/avison.se\/en\/wp-json\/wp\/v2\/comments?post=4783"}],"version-history":[{"count":0,"href":"https:\/\/avison.se\/en\/wp-json\/wp\/v2\/pages\/4783\/revisions"}],"up":[{"embeddable":true,"href":"https:\/\/avison.se\/en\/wp-json\/wp\/v2\/pages\/3984"}],"wp:attachment":[{"href":"https:\/\/avison.se\/en\/wp-json\/wp\/v2\/media?parent=4783"}],"curies":[{"name":"wp","href":"https:\/\/api.w.org\/{rel}","templated":true}]}}