{"id":4974,"date":"2017-10-18T15:42:42","date_gmt":"2017-10-18T13:42:42","guid":{"rendered":"https:\/\/avison.se\/?page_id=4974"},"modified":"2017-10-31T13:42:30","modified_gmt":"2017-10-31T12:42:30","slug":"digitala-solutions-swedish-to-english","status":"publish","type":"page","link":"https:\/\/avison.se\/en\/digitala-solutions-swedish-to-english\/","title":{"rendered":"Digitala solutions: Swedish to English"},"content":{"rendered":"<p class=\"ingress\">Valtech \u00e4r en digital partner som med kreativitet, teknik och l\u00e4ttr\u00f6rliga arbetss\u00e4tt g\u00f6r sina kunder b\u00e4ttre. Du hittar f\u00f6retaget i Stockholm, G\u00f6teborg, Malm\u00f6, Uppsala och V\u00e4ster\u00e5s.\u00a0<span class=\"s1\">Valtech \u00e4r ett globalt f\u00f6retag med 2200+ anst\u00e4llda med olika kompetenser i 30+ kontor i 15 l\u00e4nder. <\/span><\/p>\n<p>Som det st\u00e5r p\u00e5 Valtechs blogg, \u201cDet g\u00e5r rysligt fort i den digitala v\u00e4rlden\u201d. Det handlar om att h\u00e4nga med. Vi \u00f6vers\u00e4tter blogginl\u00e4gg fr\u00e5n svenska till engelska \u00e5t Valtech. Det ska g\u00e5 fort och det ska vara r\u00e4tt, och vi m\u00e5ste h\u00e4nga med i terminologin och t\u00e4nkandet. Blogginl\u00e4ggen handlar om trender och metoder i den digitala v\u00e4rlden.<\/p>\n<p>Valtech st\u00e5r ocks\u00e5 bakom Tech Girl, ett initiativ som syftar p\u00e5 att n\u00e5 ut till unga tjejer och v\u00e4cka deras intresse f\u00f6r teknik och roliga jobb inom IT-branschen.<\/p>\n<p>Vi har ocks\u00e5 hj\u00e4lpt till med undertextning och \u00f6vers\u00e4ttning av speakerr\u00f6st till filmer och med f\u00f6retagspresentationer- och case\u00f6vers\u00e4ttningar.<\/p>\n<p>Avison har \u00f6vers\u00e4ttare med kunskap och bakgrund i olika omr\u00e5den. Om ni beh\u00f6ver \u00f6vers\u00e4ttningar inom teknik, finans eller medicin, vi har duktiga och erfarna \u00f6vers\u00e4ttare som kan st\u00e5 till hj\u00e4lp. <a href=\"https:\/\/avison.se\/kontakt-2\/\">Kontakta oss f\u00f6r prata mer om \u00f6vers\u00e4ttning.<\/a><\/p>\n","protected":false},"excerpt":{"rendered":"<p>Valtech \u00e4r en digital partner som med kreativitet, teknik och l\u00e4ttr\u00f6rliga arbetss\u00e4tt g\u00f6r sina kunder b\u00e4ttre. Du hittar f\u00f6retaget i Stockholm, G\u00f6teborg, Malm\u00f6, Uppsala och V\u00e4ster\u00e5s.\u00a0Valtech \u00e4r ett globalt f\u00f6retag med 2200+ anst\u00e4llda med olika kompetenser i 30+ kontor i&#8230;<\/p>\n","protected":false},"author":12,"featured_media":0,"parent":0,"menu_order":0,"comment_status":"closed","ping_status":"closed","template":"","meta":{"_acf_changed":false,"footnotes":""},"class_list":["post-4974","page","type-page","status-publish","hentry"],"acf":[],"_links":{"self":[{"href":"https:\/\/avison.se\/en\/wp-json\/wp\/v2\/pages\/4974","targetHints":{"allow":["GET"]}}],"collection":[{"href":"https:\/\/avison.se\/en\/wp-json\/wp\/v2\/pages"}],"about":[{"href":"https:\/\/avison.se\/en\/wp-json\/wp\/v2\/types\/page"}],"author":[{"embeddable":true,"href":"https:\/\/avison.se\/en\/wp-json\/wp\/v2\/users\/12"}],"replies":[{"embeddable":true,"href":"https:\/\/avison.se\/en\/wp-json\/wp\/v2\/comments?post=4974"}],"version-history":[{"count":0,"href":"https:\/\/avison.se\/en\/wp-json\/wp\/v2\/pages\/4974\/revisions"}],"wp:attachment":[{"href":"https:\/\/avison.se\/en\/wp-json\/wp\/v2\/media?parent=4974"}],"curies":[{"name":"wp","href":"https:\/\/api.w.org\/{rel}","templated":true}]}}