{"id":6541,"date":"2019-09-10T14:38:22","date_gmt":"2019-09-10T12:38:22","guid":{"rendered":"https:\/\/avison.se\/?page_id=6541"},"modified":"2019-09-10T14:39:05","modified_gmt":"2019-09-10T12:39:05","slug":"sensodyne","status":"publish","type":"page","link":"https:\/\/avison.se\/en\/sensodyne\/","title":{"rendered":"Sensodyne: Interpreting. Transcribing. Translation. What a mouthful!"},"content":{"rendered":"<p class=\"p2\"><span class=\"s1\"><span style=\"color: #882192;\"><b>Client:<\/b><\/span> The Producers. <span style=\"color: #882192;\"><b>End client: <\/b><\/span>Sensodyne.<\/span><\/p>\n<p class=\"p2\"><span class=\"s1\"><b><span style=\"color: #882192;\">Task:<\/span> <\/b>Simultaneous interpreting, transcription and translation of dentist interviews. Swedish and Norwegian to English.<\/span><\/p>\n<p class=\"p2\"><span class=\"s1\">We love this project. We\u2019ve been involved several times in recent years. Over a number of days, we help Sensodyne, and our client The Producers, to bring their well-known dentist interview TV commercials to life. <\/span><\/p>\n<p class=\"p2\"><span class=\"s1\">We have a team on site to help with realtime (simultaneous) interpreting into English, enabling the production team to understand what is going on, and thereby direct the interviews with the dentists efficiently. Another team then transcribes all the interviews (days of material), allowing a third team to translate the interviews into English. Sounds like a complex process, but it helps The Producers\u2026 produce! The results can be seen in the spotless Sensodyne TV commercials.<\/span><\/p>\n<p class=\"p2\"><span class=\"s1\">Anahi B\u00f6rde, Line Producer at The Producers says: \u201cWe\u2019ve used Avison for our simulations interpreting, translation and transcription needs for several years now. The projects have sometimes been challenging, but Avison\u2019s project managers and interpreters are always up to the task, and are always making sure we\u2019re satisfied with the results. I would not hesitate to recommend Avison for interpreting services in the languages they work with.\u201d<\/span><\/p>\n<p class=\"p2\"><span class=\"s1\">The Producers Sweden consists of a group of executive producers with long and solid experience of commercial film projects.\u00a0They offer services and advice at any stage of production, to advertising agencies, clients and production companies. They can put together tailor-made creative and production teams to fit any brief, big or small. Visit The Producers\u2019 site here. <\/span><\/p>\n<p class=\"p2\"><span class=\"s1\">For more information on our <a href=\"https:\/\/avison.se\/tolkning\/\" target=\"_blank\" rel=\"noopener\">interpreting services<\/a>. To learn about translation, <a href=\"https:\/\/avison.se\/tjanster\/oversattning-lokalisering\" target=\"_blank\" rel=\"noopener\">click here. <\/a><\/span><\/p>\n<p class=\"p2\"><span class=\"s1\">For a quote, fill in the form below.<\/span><\/p>\n<script type=\"text\/javascript\">\n\/* <![CDATA[ *\/\nvar gform;gform||(document.addEventListener(\"gform_main_scripts_loaded\",function(){gform.scriptsLoaded=!0}),document.addEventListener(\"gform\/theme\/scripts_loaded\",function(){gform.themeScriptsLoaded=!0}),window.addEventListener(\"DOMContentLoaded\",function(){gform.domLoaded=!0}),gform={domLoaded:!1,scriptsLoaded:!1,themeScriptsLoaded:!1,isFormEditor:()=>\"function\"==typeof InitializeEditor,callIfLoaded:function(o){return!(!gform.domLoaded||!gform.scriptsLoaded||!gform.themeScriptsLoaded&&!gform.isFormEditor()||(gform.isFormEditor()&&console.warn(\"The use of gform.initializeOnLoaded() is deprecated in the form editor context and will be removed in Gravity Forms 3.1.\"),o(),0))},initializeOnLoaded:function(o){gform.callIfLoaded(o)||(document.addEventListener(\"gform_main_scripts_loaded\",()=>{gform.scriptsLoaded=!0,gform.callIfLoaded(o)}),document.addEventListener(\"gform\/theme\/scripts_loaded\",()=>{gform.themeScriptsLoaded=!0,gform.callIfLoaded(o)}),window.addEventListener(\"DOMContentLoaded\",()=>{gform.domLoaded=!0,gform.callIfLoaded(o)}))},hooks:{action:{},filter:{}},addAction:function(o,r,e,t){gform.addHook(\"action\",o,r,e,t)},addFilter:function(o,r,e,t){gform.addHook(\"filter\",o,r,e,t)},doAction:function(o){gform.doHook(\"action\",o,arguments)},applyFilters:function(o){return gform.doHook(\"filter\",o,arguments)},removeAction:function(o,r){gform.removeHook(\"action\",o,r)},removeFilter:function(o,r,e){gform.removeHook(\"filter\",o,r,e)},addHook:function(o,r,e,t,n){null==gform.hooks[o][r]&&(gform.hooks[o][r]=[]);var d=gform.hooks[o][r];null==n&&(n=r+\"_\"+d.length),gform.hooks[o][r].push({tag:n,callable:e,priority:t=null==t?10:t})},doHook:function(r,o,e){var t;if(e=Array.prototype.slice.call(e,1),null!=gform.hooks[r][o]&&((o=gform.hooks[r][o]).sort(function(o,r){return o.priority-r.priority}),o.forEach(function(o){\"function\"!=typeof(t=o.callable)&&(t=window[t]),\"action\"==r?t.apply(null,e):e[0]=t.apply(null,e)})),\"filter\"==r)return e[0]},removeHook:function(o,r,t,n){var e;null!=gform.hooks[o][r]&&(e=(e=gform.hooks[o][r]).filter(function(o,r,e){return!!(null!=n&&n!=o.tag||null!=t&&t!=o.priority)}),gform.hooks[o][r]=e)}});\n\/* ]]> *\/\n<\/script>\n\n                <div class='gf_browser_gecko gform_wrapper gform_legacy_markup_wrapper gform-theme--no-framework' data-form-theme='legacy' data-form-index='0' id='gform_wrapper_6' >\n                        <div class='gform_heading'>\n                            <h3 class=\"gform_title\">Tolktj\u00e4nster; beg\u00e4r offert<\/h3>\n                            <p class='gform_description'><\/p>\n                        <\/div><form method='post' enctype='multipart\/form-data'  id='gform_6'  action='\/en\/wp-json\/wp\/v2\/pages\/6541' data-formid='6' novalidate>\n                        <div class='gform-body gform_body'><ul id='gform_fields_6' class='gform_fields top_label form_sublabel_below description_below validation_below'><li id=\"field_6_1\" class=\"gfield gfield--type-name gfield_contains_required field_sublabel_below gfield--no-description field_description_below field_validation_below gfield_visibility_visible type-name\"  data-field-class=\"type-name\" ><label class='gfield_label gform-field-label' >Namn<span class=\"gfield_required\"><span class=\"gfield_required gfield_required_asterisk\">*<\/span><\/span><\/label><div class='ginput_container ginput_container_name'>\n                                    <input name='input_1' id='input_6_1' type='text' value='' class='medium'   aria-required=\"true\" aria-invalid=\"false\"  placeholder='Namn' \/>\n                                <span class=\"secondary-label\">Namn<\/span><i class=\"fa fa-asterisk required-label\"><\/i><\/div><\/li><li id=\"field_6_4\" class=\"gfield gfield--type-email gfield_contains_required field_sublabel_below gfield--no-description field_description_below field_validation_below gfield_visibility_visible type-email\"  data-field-class=\"type-email\" ><label class='gfield_label gform-field-label' for='input_6_4'>E-post<span class=\"gfield_required\"><span class=\"gfield_required gfield_required_asterisk\">*<\/span><\/span><\/label><div class='ginput_container ginput_container_email'>\n                            <input name='input_4' id='input_6_4' type='email' value='' class='medium'   placeholder='E-post' aria-required=\"true\" aria-invalid=\"false\"  \/>\n                        <span class=\"secondary-label\">E-post<\/span><i class=\"fa fa-asterisk required-label\"><\/i><\/div><\/li><li id=\"field_6_2\" class=\"gfield gfield--type-phone gfield_contains_required field_sublabel_below gfield--no-description field_description_below field_validation_below gfield_visibility_visible type-phone\"  data-field-class=\"type-phone\" ><label class='gfield_label gform-field-label' for='input_6_2'>Tel<span class=\"gfield_required\"><span class=\"gfield_required gfield_required_asterisk\">*<\/span><\/span><\/label><div class='ginput_container ginput_container_phone'><input name='input_2' id='input_6_2' type='tel' value='' class='medium'  placeholder='Tel' aria-required=\"true\" aria-invalid=\"false\"   \/><span class=\"secondary-label\">Tel<\/span><i class=\"fa fa-asterisk required-label\"><\/i><\/div><\/li><li id=\"field_6_3\" class=\"gfield gfield--type-textarea field_sublabel_below gfield--has-description field_description_below field_validation_below gfield_visibility_visible type-textarea\"  data-field-class=\"type-textarea\" ><label class='gfield_label gform-field-label' for='input_6_3'>Mer info?<\/label><div class='ginput_container ginput_container_textarea'><textarea name='input_3' id='input_6_3' class='textarea small'  aria-describedby=\"gfield_description_6_3\"  placeholder='Mer info?'  aria-invalid=\"false\"   rows='10' cols='50'><\/textarea><span class=\"secondary-label\">Mer info?<\/span><i class=\"fa fa-asterisk required-label\"><\/i><\/div><div class='gfield_description' id='gfield_description_6_3'>Ber\u00e4tta om dina behov. Om ni vet datum, plats, spr\u00e5k, \u00e4mne, antal deltagare osv, det hj\u00e4lper oss att ta fram en offert.<\/div><\/li><\/ul><\/div>\n        <div class='gform-footer gform_footer top_label'> <input type='submit' id='gform_submit_button_6' class='gform_button button' onclick='gform.submission.handleButtonClick(this);' data-submission-type='submit' value='Skicka'  \/> \n            <input type='hidden' class='gform_hidden' name='gform_submission_method' data-js='gform_submission_method_6' value='postback' \/>\n            <input type='hidden' class='gform_hidden' name='gform_theme' data-js='gform_theme_6' id='gform_theme_6' value='legacy' \/>\n            <input type='hidden' class='gform_hidden' name='gform_style_settings' data-js='gform_style_settings_6' id='gform_style_settings_6' value='[]' \/>\n            <input type='hidden' class='gform_hidden' name='is_submit_6' value='1' \/>\n            <input type='hidden' class='gform_hidden' name='gform_submit' value='6' \/>\n            \n            <input type='hidden' class='gform_hidden' name='gform_unique_id' value='' \/>\n            <input type='hidden' class='gform_hidden' name='state_6' value='WyJbXSIsImIwYmE4MDJlM2YxMWNhNGE2Y2RkZTljYTY0NDFhZjA3Il0=' \/>\n            <input type='hidden' autocomplete='off' class='gform_hidden' name='gform_target_page_number_6' id='gform_target_page_number_6' value='0' \/>\n            <input type='hidden' autocomplete='off' class='gform_hidden' name='gform_source_page_number_6' id='gform_source_page_number_6' value='1' \/>\n            <input type='hidden' name='gform_field_values' value='' \/>\n            \n        <\/div>\n                        <\/form>\n                        <\/div><script type=\"text\/javascript\">\n\/* <![CDATA[ *\/\n gform.initializeOnLoaded( function() {gformInitSpinner( 6, '\" style=\"display: none\"> <i id=\"gform_ajax_spinner_icon_6\" class=\"gform_ajax_spinner_icon fa fa-spin fa-spinner\"><\/i> <img decoding=\"async\" style=\"display: none\" src=\"', true );jQuery('#gform_ajax_frame_6').on('load',function(){var contents = jQuery(this).contents().find('*').html();var is_postback = contents.indexOf('GF_AJAX_POSTBACK') >= 0;if(!is_postback){return;}var form_content = jQuery(this).contents().find('#gform_wrapper_6');var is_confirmation = jQuery(this).contents().find('#gform_confirmation_wrapper_6').length > 0;var is_redirect = contents.indexOf('gformRedirect(){') >= 0;var is_form = form_content.length > 0 && ! is_redirect && ! is_confirmation;var mt = parseInt(jQuery('html').css('margin-top'), 10) + parseInt(jQuery('body').css('margin-top'), 10) + 100;if(is_form){jQuery('#gform_wrapper_6').html(form_content.html());if(form_content.hasClass('gform_validation_error')){jQuery('#gform_wrapper_6').addClass('gform_validation_error');} else {jQuery('#gform_wrapper_6').removeClass('gform_validation_error');}setTimeout( function() { \/* delay the scroll by 50 milliseconds to fix a bug in chrome *\/  }, 50 );if(window['gformInitDatepicker']) {gformInitDatepicker();}if(window['gformInitPriceFields']) {gformInitPriceFields();}var current_page = jQuery('#gform_source_page_number_6').val();gformInitSpinner( 6, '\" style=\"display: none\"> <i id=\"gform_ajax_spinner_icon_6\" class=\"gform_ajax_spinner_icon fa fa-spin fa-spinner\"><\/i> <img decoding=\"async\" style=\"display: none\" src=\"', true );jQuery(document).trigger('gform_page_loaded', [6, current_page]);window['gf_submitting_6'] = false;}else if(!is_redirect){var confirmation_content = jQuery(this).contents().find('.GF_AJAX_POSTBACK').html();if(!confirmation_content){confirmation_content = contents;}jQuery('#gform_wrapper_6').replaceWith(confirmation_content);jQuery(document).trigger('gform_confirmation_loaded', [6]);window['gf_submitting_6'] = false;wp.a11y.speak(jQuery('#gform_confirmation_message_6').text());}else{jQuery('#gform_6').append(contents);if(window['gformRedirect']) {gformRedirect();}}jQuery(document).trigger(\"gform_pre_post_render\", [{ formId: \"6\", currentPage: \"current_page\", abort: function() { this.preventDefault(); } }]);        if (event && event.defaultPrevented) {                return;        }        const gformWrapperDiv = document.getElementById( \"gform_wrapper_6\" );        if ( gformWrapperDiv ) {            const visibilitySpan = document.createElement( \"span\" );            visibilitySpan.id = \"gform_visibility_test_6\";            gformWrapperDiv.insertAdjacentElement( \"afterend\", visibilitySpan );        }        const visibilityTestDiv = document.getElementById( \"gform_visibility_test_6\" );        let postRenderFired = false;        function triggerPostRender() {            if ( postRenderFired ) {                return;            }            postRenderFired = true;            gform.core.triggerPostRenderEvents( 6, current_page );            if ( visibilityTestDiv ) {                visibilityTestDiv.parentNode.removeChild( visibilityTestDiv );            }        }        function debounce( func, wait, immediate ) {            var timeout;            return function() {                var context = this, args = arguments;                var later = function() {                    timeout = null;                    if ( !immediate ) func.apply( context, args );                };                var callNow = immediate && !timeout;                clearTimeout( timeout );                timeout = setTimeout( later, wait );                if ( callNow ) func.apply( context, args );            };        }        const debouncedTriggerPostRender = debounce( function() {            triggerPostRender();        }, 200 );        if ( visibilityTestDiv && visibilityTestDiv.offsetParent === null ) {            const observer = new MutationObserver( ( mutations ) => {                mutations.forEach( ( mutation ) => {                    if ( mutation.type === 'attributes' && visibilityTestDiv.offsetParent !== null ) {                        debouncedTriggerPostRender();                        observer.disconnect();                    }                });            });            observer.observe( document.body, {                attributes: true,                childList: false,                subtree: true,                attributeFilter: [ 'style', 'class' ],            });        } else {            triggerPostRender();        }    } );} ); \n\/* ]]> *\/\n<\/script>\n\n","protected":false},"excerpt":{"rendered":"<p>Client: The Producers. End client: Sensodyne. Task: Simultaneous interpreting, transcription and translation of dentist interviews. Swedish and Norwegian to English. We love this project. We\u2019ve been involved several times in recent years. Over a number of days, we help Sensodyne,&#8230;<\/p>\n","protected":false},"author":12,"featured_media":0,"parent":0,"menu_order":0,"comment_status":"closed","ping_status":"closed","template":"","meta":{"_acf_changed":false,"footnotes":""},"class_list":["post-6541","page","type-page","status-publish","hentry"],"acf":[],"_links":{"self":[{"href":"https:\/\/avison.se\/en\/wp-json\/wp\/v2\/pages\/6541","targetHints":{"allow":["GET"]}}],"collection":[{"href":"https:\/\/avison.se\/en\/wp-json\/wp\/v2\/pages"}],"about":[{"href":"https:\/\/avison.se\/en\/wp-json\/wp\/v2\/types\/page"}],"author":[{"embeddable":true,"href":"https:\/\/avison.se\/en\/wp-json\/wp\/v2\/users\/12"}],"replies":[{"embeddable":true,"href":"https:\/\/avison.se\/en\/wp-json\/wp\/v2\/comments?post=6541"}],"version-history":[{"count":0,"href":"https:\/\/avison.se\/en\/wp-json\/wp\/v2\/pages\/6541\/revisions"}],"wp:attachment":[{"href":"https:\/\/avison.se\/en\/wp-json\/wp\/v2\/media?parent=6541"}],"curies":[{"name":"wp","href":"https:\/\/api.w.org\/{rel}","templated":true}]}}